{"id":35,"date":"2019-12-15T14:09:57","date_gmt":"2019-12-15T14:09:57","guid":{"rendered":"http:\/\/leadershipcoach.de\/?page_id=35"},"modified":"2019-12-28T16:08:11","modified_gmt":"2019-12-28T16:08:11","slug":"datenschutz","status":"publish","type":"page","link":"http:\/\/leadershipcoach.de\/?page_id=35","title":{"rendered":"Datenschutz"},"content":{"rendered":"\n<h3 class=\"has-yellow-color has-text-color wp-block-heading\">VORWORT<\/h3>\n\n\n\n<p class=\"has-text-color has-text-align-left has-yellow-color\">Die Betreiber dieser Seiten nehmen den Schutz Ihrer pers\u00f6nlichen Daten sehr ernst. Wir behandeln Ihre personenbezogenen Daten vertraulich und entsprechend der gesetzlichen Datenschutzvorschriften sowie dieser Datenschutzerkl\u00e4rung. Die Nutzung unserer Website ist in der Regel ohne Angabe personenbezogener Daten m\u00f6glich. Soweit auf unseren Seiten personenbezogene Daten (beispielsweise Name, Anschrift oder E-Mail-Adressen) erhoben werden, erfolgt dies, soweit m\u00f6glich, stets auf freiwilliger Basis. Diese Daten werden ohne Ihre ausdr\u00fcckliche Zustimmung nicht an Dritte weitergegeben. Wir weisen darauf hin, dass die Daten\u00fcbertragung im Internet (z.B. bei der Kommunikation per E-Mail) Sicherheitsl\u00fccken aufweisen kann. Ein l\u00fcckenloser Schutz der Daten vor dem Zugriff durch Dritte ist theoretisch nicht m\u00f6glich.<\/p>\n\n\n\n<h3 class=\"has-yellow-color has-text-color wp-block-heading\">ALLGEMEINE INFORMATIONEN ZUR DATENVERARBEITUNG<\/h3>\n\n\n\n<p class=\"has-text-color has-yellow-color\"><strong>Umfang der Verarbeitung personenbezogener Daten<\/strong>&nbsp;Personenbezogene Daten der Nutzer unserer Website erheben und verwenden wir grunds\u00e4tzlich nur, soweit das zur Bereitstellung einer funktionsf\u00e4higen Website, unserer Inhalte und Leistungen erforderlich ist. Grunds\u00e4tzlich erfolgt die Erhebung und Verwendung personenbezogener Daten unserer Nutzer nur nach dessen Einwilligung. Eine Ausnahme von diesem Grundsatz gilt in den F\u00e4llen, in denen eine Verarbeitung der Daten durch gesetzliche Vorschriften gestattet oder die Einholung einer vorherigen Einwilligung aus tats\u00e4chlichen Gr\u00fcnden nicht m\u00f6glich ist.<\/p>\n\n\n\n<p class=\"has-text-color has-yellow-color\"><strong>Rechtsgrundlage f\u00fcr die Verarbeitung personenbezogener Daten<\/strong><\/p>\n\n\n\n<p class=\"has-text-color has-yellow-color\">Die Rechtsgrundlagen f\u00fcr die Verarbeitung von personenbezogenen Daten ergeben sich grunds\u00e4tzlich aus:<\/p>\n\n\n\n<p class=\"has-text-color has-yellow-color\">Art. 6 Abs. 1 lit. a DSGVO bei Einholung einer Einwilligung der betroffenen Person.<\/p>\n\n\n\n<p class=\"has-text-color has-yellow-color\">Art. 6 Abs. 1 lit. b DSGVO bei Verarbeitungen, die zur Erf\u00fcllung eines Vertrages, dessen Vertragspartei die betroffene Person ist, dienen. Miterfasst sind hier Verarbeitungsvorg\u00e4nge, die zur Durchf\u00fchrung vorvertraglicher Ma\u00dfnahmen erforderlich sind.<\/p>\n\n\n\n<p class=\"has-text-color has-yellow-color\">Art. 6 Abs. 1 lit. c DSGVO bei Verarbeitungen, die zur Erf\u00fcllung einer rechtlichen Verpflichtung erforderlich sind.<\/p>\n\n\n\n<p class=\"has-text-color has-yellow-color\">Art. 6 Abs. 1 lit. d DSGVO, falls lebenswichtige Interessen der betroffenen Person oder einer anderen nat\u00fcrlichen Person eine Verarbeitung personenbezogener Daten erforderlich machen.<\/p>\n\n\n\n<p class=\"has-text-color has-yellow-color\">Art. 6 Abs. 1 lit. f DSGVO, wenn die Verarbeitung zur Wahrung eines berechtigten Interesses unseres Unternehmens oder eines Dritten erforderlich ist und die Interessen, Grundrechte und Grundfreiheiten des Betroffenen das erstgenannte Interesse nicht \u00fcberwiegen.<\/p>\n\n\n\n<p class=\"has-text-color has-yellow-color\"><strong>Datenl\u00f6schung und Speicherdauer<\/strong><\/p>\n\n\n\n<p class=\"has-text-color has-yellow-color\">Die personenbezogenen Daten der Nutzer werden gel\u00f6scht oder gesperrt, sobald der Zweck der Speicherung entf\u00e4llt. Eine dar\u00fcber hinaus gehende Speicherung kann erfolgen, wenn dies durch den europ\u00e4ischen oder nationalen Gesetzgeber in unionsrechtlichen Verordnungen, Gesetzen oder sonstigen Vorschriften, denen der Verantwortliche unterliegt, vorgesehen wurde. Eine Sperrung oder L\u00f6schung der Daten erfolgt auch dann, wenn eine durch die genannten Normen vorgeschriebene Speicherfrist abl\u00e4uft, es sei denn, dass eine Erforderlichkeit zur weiteren Speicherung der Daten f\u00fcr einen Vertragsabschluss oder eine Vertragserf\u00fcllung besteht.<\/p>\n\n\n\n<h3 class=\"has-yellow-color has-text-color wp-block-heading\">ALLGEMEINE INFORMATIONEN ZUR DATENVERARBEITUNG<\/h3>\n\n\n\n<p class=\"has-text-color has-yellow-color\"><strong>Umfang der Verarbeitung personenbezogener Daten<\/strong>&nbsp;Personenbezogene Daten der Nutzer unserer Website erheben und verwenden wir grunds\u00e4tzlich nur, soweit das zur Bereitstellung einer funktionsf\u00e4higen Website, unserer Inhalte und Leistungen erforderlich ist. Grunds\u00e4tzlich erfolgt die Erhebung und Verwendung personenbezogener Daten unserer Nutzer nur nach dessen Einwilligung. Eine Ausnahme von diesem Grundsatz gilt in den F\u00e4llen, in denen eine Verarbeitung der Daten durch gesetzliche Vorschriften gestattet oder die Einholung einer vorherigen Einwilligung aus tats\u00e4chlichen Gr\u00fcnden nicht m\u00f6glich ist.<\/p>\n\n\n\n<p class=\"has-text-color has-yellow-color\"><strong>Rechtsgrundlage f\u00fcr die Verarbeitung personenbezogener Daten<\/strong><\/p>\n\n\n\n<p class=\"has-text-color has-yellow-color\">Die Rechtsgrundlagen f\u00fcr die Verarbeitung von personenbezogenen Daten ergeben sich grunds\u00e4tzlich aus:<\/p>\n\n\n\n<p class=\"has-text-color has-yellow-color\">Art. 6 Abs. 1 lit. a DSGVO bei Einholung einer Einwilligung der betroffenen Person.<\/p>\n\n\n\n<p class=\"has-text-color has-yellow-color\">Art. 6 Abs. 1 lit. b DSGVO bei Verarbeitungen, die zur Erf\u00fcllung eines Vertrages, dessen Vertragspartei die betroffene Person ist, dienen. Miterfasst sind hier Verarbeitungsvorg\u00e4nge, die zur Durchf\u00fchrung vorvertraglicher Ma\u00dfnahmen erforderlich sind.<\/p>\n\n\n\n<p class=\"has-text-color has-yellow-color\">Art. 6 Abs. 1 lit. c DSGVO bei Verarbeitungen, die zur Erf\u00fcllung einer rechtlichen Verpflichtung erforderlich sind.<\/p>\n\n\n\n<p class=\"has-text-color has-yellow-color\">Art. 6 Abs. 1 lit. d DSGVO, falls lebenswichtige Interessen der betroffenen Person oder einer anderen nat\u00fcrlichen Person eine Verarbeitung personenbezogener Daten erforderlich machen.<\/p>\n\n\n\n<p class=\"has-text-color has-yellow-color\">Art. 6 Abs. 1 lit. f DSGVO, wenn die Verarbeitung zur Wahrung eines berechtigten Interesses unseres Unternehmens oder eines Dritten erforderlich ist und die Interessen, Grundrechte und Grundfreiheiten des Betroffenen das erstgenannte Interesse nicht \u00fcberwiegen.<\/p>\n\n\n\n<p class=\"has-text-color has-yellow-color\"><strong>Datenl\u00f6schung und Speicherdauer<\/strong><\/p>\n\n\n\n<p class=\"has-text-color has-yellow-color\">Die personenbezogenen Daten der Nutzer werden gel\u00f6scht oder gesperrt, sobald der Zweck der Speicherung entf\u00e4llt. Eine dar\u00fcber hinaus gehende Speicherung kann erfolgen, wenn dies durch den europ\u00e4ischen oder nationalen Gesetzgeber in unionsrechtlichen Verordnungen, Gesetzen oder sonstigen Vorschriften, denen der Verantwortliche unterliegt, vorgesehen wurde. Eine Sperrung oder L\u00f6schung der Daten erfolgt auch dann, wenn eine durch die genannten Normen vorgeschriebene Speicherfrist abl\u00e4uft, es sei denn, dass eine Erforderlichkeit zur weiteren Speicherung der Daten f\u00fcr einen Vertragsabschluss oder eine Vertragserf\u00fcllung besteht.<\/p>\n","protected":false},"excerpt":{"rendered":"<p>VORWORT Die Betreiber dieser Seiten nehmen den Schutz Ihrer pers\u00f6nlichen Daten sehr ernst. Wir behandeln Ihre personenbezogenen Daten vertraulich und entsprechend der gesetzlichen Datenschutzvorschriften sowie dieser Datenschutzerkl\u00e4rung. Die Nutzung unserer Website ist in der Regel ohne Angabe personenbezogener Daten m\u00f6glich. Soweit auf unseren Seiten personenbezogene Daten (beispielsweise Name, Anschrift oder E-Mail-Adressen) erhoben werden, erfolgt dies, &hellip; <\/p>\n","protected":false},"author":1,"featured_media":0,"parent":0,"menu_order":0,"comment_status":"closed","ping_status":"closed","template":"","meta":{"spay_email":"","footnotes":""},"_links":{"self":[{"href":"http:\/\/leadershipcoach.de\/index.php?rest_route=\/wp\/v2\/pages\/35"}],"collection":[{"href":"http:\/\/leadershipcoach.de\/index.php?rest_route=\/wp\/v2\/pages"}],"about":[{"href":"http:\/\/leadershipcoach.de\/index.php?rest_route=\/wp\/v2\/types\/page"}],"author":[{"embeddable":true,"href":"http:\/\/leadershipcoach.de\/index.php?rest_route=\/wp\/v2\/users\/1"}],"replies":[{"embeddable":true,"href":"http:\/\/leadershipcoach.de\/index.php?rest_route=%2Fwp%2Fv2%2Fcomments&post=35"}],"version-history":[{"count":7,"href":"http:\/\/leadershipcoach.de\/index.php?rest_route=\/wp\/v2\/pages\/35\/revisions"}],"predecessor-version":[{"id":121,"href":"http:\/\/leadershipcoach.de\/index.php?rest_route=\/wp\/v2\/pages\/35\/revisions\/121"}],"wp:attachment":[{"href":"http:\/\/leadershipcoach.de\/index.php?rest_route=%2Fwp%2Fv2%2Fmedia&parent=35"}],"curies":[{"name":"wp","href":"https:\/\/api.w.org\/{rel}","templated":true}]}}