{"id":33,"date":"2019-12-15T14:09:57","date_gmt":"2019-12-15T14:09:57","guid":{"rendered":"http:\/\/leadershipcoach.de\/?page_id=33"},"modified":"2024-05-28T11:38:23","modified_gmt":"2024-05-28T11:38:23","slug":"impressum","status":"publish","type":"page","link":"http:\/\/leadershipcoach.de\/?page_id=33","title":{"rendered":"Impressum"},"content":{"rendered":"\n<p class=\"has-yellow-color has-text-color\"><strong>Leadershipcoach.de<\/strong><\/p>\n\n\n\n<p class=\"has-yellow-color has-text-color\"><strong>Conspectum<\/strong>\u00ae Cappello<br>Parsifalstrasse 14a<br>95445 Bayreuth<\/p>\n\n\n\n<p class=\"has-yellow-color has-text-color\"><strong>Kontakt<\/strong><br>Telefon: +49 921 5074 3502<br>E-Mail: m.cappello@leadershipcoach.de<\/p>\n\n\n\n<h2 class=\"wp-block-heading has-yellow-color has-text-color\">Impressum und Copyright<\/h2>\n\n\n\n<p class=\"has-yellow-color has-text-color\"><strong>Firmeninformation:<\/strong><br>Conspectum<sup>\u00ae<\/sup>\u00a0Cappello ist im Bereich Leadership Coaching spezialisiert auf Erfolgsbegleitung f\u00fcr Unternehmer und TOP-F\u00fchrungskr\u00e4fte<br>Die Sitzungen werden in der Praxis in Bayreuth oder  nach Terminvereinbarung durchgef\u00fchrt.<\/p>\n\n\n\n<p class=\"has-yellow-color has-text-color\"><strong>Gesch\u00e4ftsf\u00fchrung:<\/strong><br>MACappello<br><\/p>\n\n\n\n<p>Hauptsitz<\/p>\n\n\n\n<p class=\"has-yellow-color has-text-color\">Conspectum\u00ae Cappello Bereich Coaching<br>Parsifalstrasse 14a <br>95445 Bayreuth<br>Call: +49 921 5074 3502<br>Email: m.cappello@leadershipcoach.de <\/p>\n\n\n\n<p class=\"has-yellow-color has-text-color\">Ust-IdNr.:<br>DE251478306<\/p>\n\n\n\n<p class=\"has-yellow-color has-text-color\"><strong>Haftungsausschluss:<\/strong><br>Die Inhalte dieser Website wurden und werden mit gr\u00f6\u00dftm\u00f6glicher Sorgfalt recherchiert und implementiert. Fehler im Bearbeitungsvorgang sind dennoch nicht auszuschlie\u00dfen. Hinweise und Korrekturen senden Sie bitte an die angegebenen Adressen von Conspectum. Eine Haftung f\u00fcr die Richtigkeit, Vollst\u00e4ndigkeit und Aktualit\u00e4t dieser Webseiten kann trotz sorgf\u00e4ltiger Pr\u00fcfung nicht \u00fcbernommen werden. Conspectum<sup>\u00ae<\/sup>&nbsp;\u00fcbernimmt insbesondere keinerlei Haftung, f\u00fcr eventuelle Sch\u00e4den oder Konsequenzen, die durch die direkte oder indirekte Nutzung der angebotenen Inhalte entstehen. Conspectum<sup>\u00ae<\/sup>&nbsp;ist als Inhaltsanbieter f\u00fcr die eigenen Inhalte, die es zur Nutzung bereith\u00e4lt, nach den allgemeinen Gesetzen verantwortlich. Von diesen eigenen Inhalten sind jedoch Querverweise (sogenannte \u201eexterne Links\u201c) auf die von anderen Anbietern bereitgehaltenen Inhalte zu unterscheiden. Diese fremden Inhalte stammen weder von Conspectum<sup>\u00ae<\/sup>, noch hat Conspectum<sup>\u00ae<\/sup>&nbsp;die M\u00f6glichkeit, den Inhalt von Seiten Dritter zu beeinflussen. Die Inhalte fremder Seiten, auf die Conspectum<sup>\u00ae<\/sup>&nbsp;mittels Links hinweist, spiegeln nicht die Meinung Conspectum<sup>\u00ae<\/sup>&nbsp;wieder, sondern dienen lediglich der Information und der Darstellung von Zusammenh\u00e4ngen. Conspectum<sup>\u00ae<\/sup>haftet nicht f\u00fcr fremde Inhalte, auf die es lediglich im oben genannten Sinne hinweist. Die Verantwortlichkeit liegt alleine bei dem Anbieter der Inhalte.<\/p>\n\n\n\n<p class=\"has-yellow-color has-text-color\"><strong>Urheberrecht:<\/strong><br>I. Alle Rechte vorbehalten Das Design der Website unter der Domain Conspectum.de, sowie s\u00e4mtliche enthaltenen Texte, Bilder, Grafiken, Layouts und Datenbanken sind urheberrechtlich gesch\u00fctzt. Das Urheberrecht steht, soweit nicht anders gekennzeichnet, Conspectum<sup>\u00ae<\/sup>&nbsp;zu. Die Vervielf\u00e4ltigung im Wege des Herunterladens auf dauerhafte Datentr\u00e4ger und\/oder des Ausdrucks auf Papier sowie die Weiterverbreitung ist nur bez\u00fcglich solcher Materialien gestattet, bei denen hierzu ausdr\u00fccklich aufgefordert wird. Jede andere Nutzung der auf dieser Website verf\u00fcgbaren urheberrechtlich gesch\u00fctzten Materialien und Informationen, die \u00fcber die blo\u00dfe Inanspruchnahme des allgemein zug\u00e4nglichen Informationsangebots hinausgeht, einschlie\u00dflich der Vervielf\u00e4ltigung, des Weitervertriebs, der Ver\u00e4nderung und der \u00f6ffentlichen Wiedergabe ist ohne eine schriftliche Genehmigung der Gesch\u00e4ftsf\u00fchrung von Conspectum<sup>\u00ae<\/sup>untersagt.<\/p>\n\n\n\n<p class=\"has-yellow-color has-text-color\">II. Nutzungsbedingungen Durch den Zugriff und die Nutzung dieser Website erkl\u00e4ren Sie sich mit den Nutzungsbedingungen einverstanden. Diese Nutzungsbedingungen haben auch Geltung f\u00fcr unsere Artikel und Texte die wir Verlagen, Journalisten, Redakteure und weiteren Medienvertretern zum Zwecke einer Ver\u00f6ffentlichung \u00fcberlassen.<br>1. Eine Nutzung des Materials ist ausschlie\u00dflich im Rahmen der vom Unternehmen Conspectum<sup>\u00ae<\/sup>&nbsp;mitgeteilten Nutzungsumfang zul\u00e4ssig. Dies gilt f\u00fcr die Art, die Dauer sowie die Anzahl der Nutzungen.<br>2. Eine Bearbeitung, \u00dcbersetzung, Ver\u00e4nderung oder Manipulation des urheberrechtlich gesch\u00fctzten Werkes in jedweder Weise, auch digital, ist nicht gestattet. Ausnahmen bed\u00fcrfen einer Zustimmung durch die Gesch\u00e4ftsf\u00fchrung von Conspectum<sup>\u00ae<\/sup>.<br>3. Eine werbliche Nutzung des Materials ist nur insofern gestattet, als diese vorab schriftlich durch die Gesch\u00e4ftsf\u00fchrung von Conspectum<sup>\u00ae<\/sup>genehmigt wurde.<br>4. Die Weitergabe des Materials in allen denkbaren Varianten auf allen denkbaren Verteilungswegen oder die Einr\u00e4umung von jedweden Nutzungsrechten an Dritte ist nicht gestattet. Es wird, wenn nicht anders genehmigt, grunds\u00e4tzlich nur ein einfaches Nutzungsrecht f\u00fcr alle Materialien die zum Zwecke der Publikation \u00fcberlassen werden einger\u00e4umt. Conspectum<sup>\u00ae<\/sup>&nbsp;beh\u00e4lt sich das Recht der Verwertung und Archivierung der Artikel im eigenen Unternehmen.<br>5. Eine Vervielf\u00e4ltigung des Materials ist nur zul\u00e4ssig, soweit dies durch Gesch\u00e4ftsf\u00fchrung von Conspectum<sup>\u00ae<\/sup>&nbsp;genehmigt wurde. Dies gilt insbesondere f\u00fcr jede elektronische Duplizierung und jedes Einscannen.<br>6. Das Setzen eines Links auf die Firma Conspectum<sup>\u00ae<\/sup>&nbsp;ist in der Regel ohne Genehmigung zul\u00e4ssig, sofern dies nicht systematisch in einer Weise geschieht, die eine zusammengeh\u00f6rende Sammlung entstehen l\u00e4sst und bei der man nicht mehr von einem gelegentlichen Hinweis auf einzelne Beitr\u00e4ge sprechen kann.<br>7. Eine elektronische Speicherung jeder Art, insbesondere in einer Datenbank ist nicht zul\u00e4ssig, soweit dies nicht f\u00fcr die Wiedergabe des Materials f\u00fcr die genehmigte Nutzung zwingend erforderlich ist.<\/p>\n\n\n\n<p class=\"has-yellow-color has-text-color\">III. Urhebervermerk, Belegexemplare<br>1. Bei der genehmigten Nutzung des Materials ist zwingend ein Urhebervermerk anzubringen, und zwar in einer Weise, dass kein Zweifel an der Zuordnung zum jeweiligen Material bestehen kann.<br>2. Unterbleibt der Urhebervermerk, so besteht ein Anspruch auf Schadenersatz.<br>3. Von jeder Ver\u00f6ffentlichung im Druck oder k\u00f6rperlichen digitalen Medien sind dem Unternehmen Conspectum<sup>\u00ae<\/sup>&nbsp;zwei Belegexemplare unaufgefordert und kostenlos zuzusenden. Bei jeder Ver\u00f6ffentlichung in reinen Online-Angeboten oder in sonstiger unk\u00f6rperlicher digitaler Weise ist dem Unternehmen Conspectum<sup>\u00ae<\/sup>&nbsp;eine Ansicht zu erm\u00f6glichen, etwa durch Mitteilung der entsprechenden URL oder \u00dcbermittlung eines Ausdrucks.<\/p>\n\n\n\n<p class=\"has-yellow-color has-text-color\">IIV. Sonstige Regelungen<br>1. Es findet ausschlie\u00dflich deutsches Recht Anwendung auf diese allgemeinen Nutzungsbedingungen sowie das Verh\u00e4ltnis zwischen dem Nutzer und Conspectum<sup>\u00ae<\/sup>. Erf\u00fcllungsort und Gerichtsstand ist der zust\u00e4ndige Gerichtssitz von Conspectum<sup>\u00ae<\/sup>&nbsp;Bayreuth, Deutschland.<br>2. Sollte eine oder mehrere Bestimmungen dieser Nutzungsbedingungen unwirksam sein oder werden, so soll dies die G\u00fcltigkeit der \u00fcbrigen Bestimmungen nicht ber\u00fchren.<br>3. Wir behalten uns vor, die vorliegenden Nutzungsbedingungen jederzeit mit Wirkung f\u00fcr die Zukunft zu \u00e4ndern.<br>4. Nebenabreden und \u00c4nderungen der Nutzungsbedingungen bed\u00fcrfen zu ihrer Rechtsg\u00fcltigkeit der Schriftform. F\u00fcr weitere Fragen und Einholung einer Nutzungsgenehmigung k\u00f6nnen Sie gerne unsere Gesch\u00e4ftsf\u00fchrung kontaktieren.<\/p>\n\n\n\n<p class=\"has-yellow-color has-text-color\">Kommunikation \u00fcber E-Mail<br>Kommunikation via E-Mail kann Sicherheitsl\u00fccken aufweisen. Es k\u00f6nnten zum Beispiel E-Mails auf ihrem Weg an die Mitarbeiter von Conspectum<sup>\u00ae<\/sup>&nbsp;von versierten Internet-Nutzern aufgehalten und eingesehen werden. Sollten wir eine E-Mail von Ihnen erhalten, so gehen wir davon aus, dass wir zu einer Beantwortung per E-Mail berechtigt sind. Ansonsten m\u00fcssen wir Sie ausdr\u00fccklich auf eine andere Art der Kommunikation verweisen. Wir sind auf Wunsch in der Lage, die Nachrichten mit g\u00e4ngigen Verschl\u00fcsselungsstandards zu verschl\u00fcsseln.<\/p>\n","protected":false},"excerpt":{"rendered":"<p>Leadershipcoach.de Conspectum\u00ae CappelloParsifalstrasse 14a95445 Bayreuth KontaktTelefon: +49 921 5074 3502E-Mail: m.cappello@leadershipcoach.de Impressum und Copyright Firmeninformation:Conspectum\u00ae\u00a0Cappello ist im Bereich Leadership Coaching spezialisiert auf Erfolgsbegleitung f\u00fcr Unternehmer und TOP-F\u00fchrungskr\u00e4fteDie Sitzungen werden in der Praxis in Bayreuth oder nach Terminvereinbarung durchgef\u00fchrt. Gesch\u00e4ftsf\u00fchrung:MACappello Hauptsitz Conspectum\u00ae Cappello Bereich CoachingParsifalstrasse 14a 95445 BayreuthCall: +49 921 5074 3502Email: m.cappello@leadershipcoach.de Ust-IdNr.:DE251478306 Haftungsausschluss:Die Inhalte &hellip; <\/p>\n","protected":false},"author":1,"featured_media":0,"parent":0,"menu_order":0,"comment_status":"closed","ping_status":"closed","template":"","meta":{"spay_email":"","footnotes":""},"_links":{"self":[{"href":"http:\/\/leadershipcoach.de\/index.php?rest_route=\/wp\/v2\/pages\/33"}],"collection":[{"href":"http:\/\/leadershipcoach.de\/index.php?rest_route=\/wp\/v2\/pages"}],"about":[{"href":"http:\/\/leadershipcoach.de\/index.php?rest_route=\/wp\/v2\/types\/page"}],"author":[{"embeddable":true,"href":"http:\/\/leadershipcoach.de\/index.php?rest_route=\/wp\/v2\/users\/1"}],"replies":[{"embeddable":true,"href":"http:\/\/leadershipcoach.de\/index.php?rest_route=%2Fwp%2Fv2%2Fcomments&post=33"}],"version-history":[{"count":21,"href":"http:\/\/leadershipcoach.de\/index.php?rest_route=\/wp\/v2\/pages\/33\/revisions"}],"predecessor-version":[{"id":365,"href":"http:\/\/leadershipcoach.de\/index.php?rest_route=\/wp\/v2\/pages\/33\/revisions\/365"}],"wp:attachment":[{"href":"http:\/\/leadershipcoach.de\/index.php?rest_route=%2Fwp%2Fv2%2Fmedia&parent=33"}],"curies":[{"name":"wp","href":"https:\/\/api.w.org\/{rel}","templated":true}]}}