{"id":24,"date":"2019-12-15T14:00:32","date_gmt":"2019-12-15T14:00:32","guid":{"rendered":"http:\/\/leadershipcoach.de\/?page_id=24"},"modified":"2020-04-06T18:54:11","modified_gmt":"2020-04-06T18:54:11","slug":"coaching","status":"publish","type":"page","link":"http:\/\/leadershipcoach.de\/?page_id=24","title":{"rendered":"Coaching"},"content":{"rendered":"\n<p>Was ist Coaching? <\/p>\n\n\n\n<p>Das Wort \u201eCoach\u201c bedeutet urspr\u00fcnglich Kutsche und ist in der Englischen Sprache seit 1556 nachgewiesen.&nbsp;<\/p>\n\n\n\n<p>Der Begriff&nbsp;<strong>Coaching<\/strong>&nbsp;wird als Sammelbegriff f\u00fcr unterschiedliche Methoden wie Einzelcoaching, Teamcoaching, Projektcoaching  verwendet. Im Unterschied zur klassischen Beratung werden jedoch keine direkten L\u00f6sungsvorschl\u00e4ge durch den Coach geliefert, sondern die Entwicklung eigener L\u00f6sungen wird begleitet &#8211; Hilfe zur Selbsthilfe. Coaching bezeichnet strukturierte Gespr\u00e4che zwischen einem Coach und einem Coachee (Klienten) z.&nbsp;B. zu Fragen des beruflichen oder privaten Alltags wie F\u00fchrung, Kommunikation und Zusammenarbeit, Lebensziele, etc<\/p>\n\n\n\n<p>Die Ziele der Gespr\u00e4che reichen dabei von der Einsch\u00e4tzung und Entwicklung von pers\u00f6nlichen Kompetenzen und Perspektiven \u00fcber Anregungen zur Selbstreflexion bis hin zur \u00dcberwindung von Konflikten mit Mitarbeitern, Kollegen oder Vorgesetzten. Dabei fungiert der Coach als neutraler, kritischer Gespr\u00e4chspartner und verwendet je nach Ziel Interventionen.<\/p>\n\n\n\n<p><\/p>\n\n\n\n<h2 class=\"wp-block-heading\">Leadership Coaching<\/h2>\n\n\n\n<p class=\"has-text-color has-text-align-left has-yellow-color\">Was macht eine gro\u00dfartige F\u00fchrungskraft aus? Woran kann man sie erkennen?<\/p>\n\n\n\n<p class=\"has-text-color has-text-align-left has-yellow-color\">Zun\u00e4chst hat sich eine gute F\u00fchrungskraft selbst <br>gut &#8222;im Griff&#8220;.  Sie erkennt die eigenen Motivationen, <br>die zur konsequenten und authentischen Handlung f\u00fchren.<\/p>\n\n\n\n<p class=\"has-text-color has-text-align-left has-yellow-color\">Positive Haltung \/ Einstellung<\/p>\n\n\n\n<p class=\"has-text-color has-text-align-left has-yellow-color\">Nimmt sich Zeit zum Zuh\u00f6ren<\/p>\n\n\n\n<p class=\"has-text-color has-text-align-left has-yellow-color\">Lebt Offenheit<\/p>\n\n\n\n<p class=\"has-text-color has-text-align-left has-yellow-color\">Gibt anderen die M\u00f6glichkeit sich zu entfalten<\/p>\n\n\n\n<p class=\"has-text-color has-text-align-left has-yellow-color\">hat unsterbliche Leidenschaft f\u00fcr Erfolg<\/p>\n\n\n\n<p class=\"has-text-color has-text-align-left has-yellow-color\">Inspiriert das Team zu besseren Leistungen<\/p>\n\n\n\n<p class=\"has-text-color has-text-align-left has-yellow-color\">Tr\u00e4gt Risiko<\/p>\n\n\n\n<p class=\"has-text-color has-text-align-left has-yellow-color\">gibt niemals auf<\/p>\n\n\n\n<p class=\"has-text-color has-text-align-left has-yellow-color\">trifft keine egozentrierten Entscheidungen<\/p>\n\n\n\n<p class=\"has-text-color has-text-align-left has-yellow-color\">sieht das Gute in anderen<\/p>\n\n\n\n<p class=\"has-text-color has-text-align-left has-yellow-color\">Die Erfahrung zeigt jedoch, dass sich ein Gro\u00dfteil <br>der F\u00fchrungskr\u00e4fte nicht einmal ihrer eigenen Ziele, <br>St\u00e4rken und psychischen Bed\u00fcrfnisse bewusst sind.<\/p>\n\n\n\n<p class=\"has-text-color has-text-align-left has-yellow-color\"><\/p>\n\n\n\n<p class=\"has-text-color has-text-align-left has-yellow-color\"><\/p>\n\n\n\n<h2 class=\"wp-block-heading\">Kommunikations Coaching<\/h2>\n\n\n\n<p>Als zertifizierter Process Communication Model\u00ae Coach <br>liegt mir viel an positiver, wertsch\u00e4tzender Kommunikation.<br>Wir ermitteln Ihre Individuelle Pers\u00f6nlichkeitsarchitektur in einem \u00fcbersichtlichen Profil. Mit diesem verstehen Sie, welche prim\u00e4re Wahrnehmung, Charakterst\u00e4rken, Kommunikationskan\u00e4le, F\u00fchrungsstil Sie bevorzugen. Wir ermitteln ausserdem, wie Sie in Distress Situationen reagieren und was Sie von Moment zu Moment tun k\u00f6nnen, um positive Kommunikation zu schaffen.<\/p>\n\n\n\n<h2 class=\"wp-block-heading\">Werte- und Sinn Coaching<\/h2>\n\n\n\n<p>Es ist nicht die Frage nach dem Sinn des Lebens, sondern nachdem was das Leben sinnvoll macht. Wir alle haben das schon selbst erfahren: Aufgaben, mit denen wir uns identifizieren k\u00f6nnen geben uns Erf\u00fcllung, Freude und Energie. Aufgaben die wir als nicht sinnvoll erachten fallen uns schwer, rauben uns Energie.&nbsp;<\/p>\n\n\n\n<p>Aber mal Hand aufs Herz!<\/p>\n\n\n\n<p>Wir sind oft derartig eingespannt, dass uns kaum Zeit bleibt, intensiv dar\u00fcber nachzudenken, was uns bewegt, was uns im innersten motiviert und antreibt.<\/p>\n\n\n\n<p>In meiner Praxis erfahre ich das immer wieder. Zum Beispiel bei angehender beruflicher Neuausrichtung.<\/p>\n\n\n\n<p>Was m\u00f6chte ich wirklich? Worin finde ich Sinn und Erf\u00fcllung und das nachhaltig?<\/p>\n\n\n\n<p>Unsere Werteanalyse kann hier Klarheit schaffen. Aus \u00fcber 400 Wertebegriffen finden wir die zehn f\u00fcr Sie zum heutigen Zeitpunkt wichtigen Werte. Diese bilden dann den Rahmen f\u00fcr Ihr Sinnbild.<\/p>\n\n\n\n<h2 class=\"wp-block-heading\">Life Coaching<\/h2>\n\n\n\n<h2 class=\"wp-block-heading\">Sport Coaching<\/h2>\n\n\n\n<p>Eine immense Herausforderung zu meistern wird durch <br>ein zielgerichtetes Coaching m\u00f6glich. Als Synonym daf\u00fcr, <br>dass auch eine zun\u00e4chst als unm\u00f6glich erscheinende Aufgabe, <br>Zielsetzung oder Vision mit gutem Prozess  Realit\u00e4t werden kann.<\/p>\n\n\n\n<h2 class=\"wp-block-heading\">Mental Coaching<\/h2>\n\n\n\n<p>Eine immense Herausforderung zu meistern wird durch <br>ein zielgerichtetes Coaching m\u00f6glich. Als Synonym daf\u00fcr, <br>dass auch eine zun\u00e4chst als unm\u00f6glich erscheinende Aufgabe, <br>Zielsetzung oder Vision mit gutem Prozess  Realit\u00e4t werden kann.<\/p>\n\n\n\n<p class=\"has-text-color has-text-align-right has-yellow-color\"> <\/p>\n","protected":false},"excerpt":{"rendered":"<p>Was ist Coaching? Das Wort \u201eCoach\u201c bedeutet urspr\u00fcnglich Kutsche und ist in der Englischen Sprache seit 1556 nachgewiesen.&nbsp; Der Begriff&nbsp;Coaching&nbsp;wird als Sammelbegriff f\u00fcr unterschiedliche Methoden wie Einzelcoaching, Teamcoaching, Projektcoaching verwendet. Im Unterschied zur klassischen Beratung werden jedoch keine direkten L\u00f6sungsvorschl\u00e4ge durch den Coach geliefert, sondern die Entwicklung eigener L\u00f6sungen wird begleitet &#8211; Hilfe zur Selbsthilfe. &hellip; <\/p>\n","protected":false},"author":1,"featured_media":0,"parent":0,"menu_order":0,"comment_status":"closed","ping_status":"closed","template":"","meta":{"spay_email":"","footnotes":""},"_links":{"self":[{"href":"http:\/\/leadershipcoach.de\/index.php?rest_route=\/wp\/v2\/pages\/24"}],"collection":[{"href":"http:\/\/leadershipcoach.de\/index.php?rest_route=\/wp\/v2\/pages"}],"about":[{"href":"http:\/\/leadershipcoach.de\/index.php?rest_route=\/wp\/v2\/types\/page"}],"author":[{"embeddable":true,"href":"http:\/\/leadershipcoach.de\/index.php?rest_route=\/wp\/v2\/users\/1"}],"replies":[{"embeddable":true,"href":"http:\/\/leadershipcoach.de\/index.php?rest_route=%2Fwp%2Fv2%2Fcomments&post=24"}],"version-history":[{"count":16,"href":"http:\/\/leadershipcoach.de\/index.php?rest_route=\/wp\/v2\/pages\/24\/revisions"}],"predecessor-version":[{"id":347,"href":"http:\/\/leadershipcoach.de\/index.php?rest_route=\/wp\/v2\/pages\/24\/revisions\/347"}],"wp:attachment":[{"href":"http:\/\/leadershipcoach.de\/index.php?rest_route=%2Fwp%2Fv2%2Fmedia&parent=24"}],"curies":[{"name":"wp","href":"https:\/\/api.w.org\/{rel}","templated":true}]}}