{"id":23,"date":"2019-12-15T14:00:32","date_gmt":"2019-12-15T14:00:32","guid":{"rendered":"http:\/\/leadershipcoach.de\/?page_id=23"},"modified":"2020-02-12T22:01:14","modified_gmt":"2020-02-12T22:01:14","slug":"michael-cappello","status":"publish","type":"page","link":"http:\/\/leadershipcoach.de\/?page_id=23","title":{"rendered":"Michael Cappello"},"content":{"rendered":"\n<p class=\"has-text-color has-text-align-right has-yellow-color\"><em>&#8222;Blicke in Dein Inneres. <\/em><br><em>Da ist die Quelle des Guten, <\/em><br><em>das niemals aufh\u00f6rt zu sprudeln, <\/em><br><em>wenn Du nicht aufh\u00f6rst zu graben.&#8220;<\/em>  <br>                              <em>Marc Aurel <\/em><\/p>\n\n\n\n<p>&#8211;<\/p>\n\n\n\n<p style=\"font-size:-1px\" class=\"has-text-color has-text-align-right has-yellow-color\"><strong>Vita<\/strong> <br>Dipl.-Wirschaftsingenieur, <br>\u00fcber 22 Jahre in Gesch\u00e4ftsf\u00fchrer Positionen<br>Unternehmens- und Marketing Strategie<br>Unternehmenskultur<br>Internationalit\u00e4t<br>F\u00fchrung- und Leadership<\/p>\n\n\n\n<p>&#8211;<\/p>\n\n\n\n<p><\/p>\n\n\n\n<p class=\"has-text-color has-text-align-right has-yellow-color\"><strong>Zertifizierungen\/Ausbildunge<\/strong><br>Werte- und Sinn Coach CoachPro\u00ae<br>Business Coach CoachPro\u00ae<br>Mental Coach NGH<br>Ironman\u00ae Coach IMU<br>Process Communication Model\u00ae Coach<\/p>\n\n\n\n<p>&#8211;<\/p>\n\n\n\n<p class=\"has-text-color has-text-align-right has-yellow-color\"><strong>Meine Kern-Werte<\/strong><br>Gleichw\u00fcrdigkeit, Vertrauen, Ehrlichkeit, Mut, Freude<\/p>\n\n\n\n<p>&#8211;<\/p>\n\n\n\n<p class=\"has-text-color has-text-align-right has-yellow-color\"><strong>Privat<\/strong><br>Verheiratet,Vater von acht zauberhaften Kindern<br>5-facher IRONMAN (Langdistanz Triathlon)<br>CPL, IFR, MEP, MET, Fotografie<\/p>\n","protected":false},"excerpt":{"rendered":"<p>&#8222;Blicke in Dein Inneres. Da ist die Quelle des Guten, das niemals aufh\u00f6rt zu sprudeln, wenn Du nicht aufh\u00f6rst zu graben.&#8220; Marc Aurel &#8211; Vita Dipl.-Wirschaftsingenieur, \u00fcber 22 Jahre in Gesch\u00e4ftsf\u00fchrer PositionenUnternehmens- und Marketing StrategieUnternehmenskulturInternationalit\u00e4tF\u00fchrung- und Leadership &#8211; Zertifizierungen\/AusbildungeWerte- und Sinn Coach CoachPro\u00aeBusiness Coach CoachPro\u00aeMental Coach NGHIronman\u00ae Coach IMUProcess Communication Model\u00ae Coach &#8211; Meine Kern-WerteGleichw\u00fcrdigkeit, &hellip; <\/p>\n","protected":false},"author":1,"featured_media":244,"parent":0,"menu_order":0,"comment_status":"closed","ping_status":"closed","template":"","meta":{"spay_email":"","footnotes":""},"_links":{"self":[{"href":"http:\/\/leadershipcoach.de\/index.php?rest_route=\/wp\/v2\/pages\/23"}],"collection":[{"href":"http:\/\/leadershipcoach.de\/index.php?rest_route=\/wp\/v2\/pages"}],"about":[{"href":"http:\/\/leadershipcoach.de\/index.php?rest_route=\/wp\/v2\/types\/page"}],"author":[{"embeddable":true,"href":"http:\/\/leadershipcoach.de\/index.php?rest_route=\/wp\/v2\/users\/1"}],"replies":[{"embeddable":true,"href":"http:\/\/leadershipcoach.de\/index.php?rest_route=%2Fwp%2Fv2%2Fcomments&post=23"}],"version-history":[{"count":23,"href":"http:\/\/leadershipcoach.de\/index.php?rest_route=\/wp\/v2\/pages\/23\/revisions"}],"predecessor-version":[{"id":248,"href":"http:\/\/leadershipcoach.de\/index.php?rest_route=\/wp\/v2\/pages\/23\/revisions\/248"}],"wp:featuredmedia":[{"embeddable":true,"href":"http:\/\/leadershipcoach.de\/index.php?rest_route=\/wp\/v2\/media\/244"}],"wp:attachment":[{"href":"http:\/\/leadershipcoach.de\/index.php?rest_route=%2Fwp%2Fv2%2Fmedia&parent=23"}],"curies":[{"name":"wp","href":"https:\/\/api.w.org\/{rel}","templated":true}]}}