{"id":136,"date":"2019-12-28T17:16:42","date_gmt":"2019-12-28T17:16:42","guid":{"rendered":"http:\/\/leadershipcoach.de\/?page_id=136"},"modified":"2026-03-08T11:56:29","modified_gmt":"2026-03-08T11:56:29","slug":"kontakt","status":"publish","type":"page","link":"http:\/\/leadershipcoach.de\/?page_id=136","title":{"rendered":"Kontakt zu Ihrem Coach"},"content":{"rendered":"\n<p class=\"has-text-align-right has-yellow-color has-text-color\"><em>&#8222;Erfolg ist nicht der Schl\u00fcssel zum<br>Gl\u00fccklichsein. <br>Gl\u00fccklichsein ist der Schl\u00fcssel zum Erfolg.  <br>Wenn Du das was Du tust liebst,  wirst<br>Du erfolgreich sein.&#8220;<\/em><br>Albert Schweitzer<\/p>\n\n\n<\/p>\n\n\n<p class=\"has-text-align-center has-yellow-color has-text-color\"><em>Ich arbeite ausschliesslich nach <br>Terminvereinbarung. Bitte verwenden Sie den Terminplaner oder senden Sie mir alternativ  <br>Ihre Anfrage mit einigen Stichpunkten , ich rufe Sie umgehend <br>zur\u00fcck oder sende Ihnen eine E-Mail.<\/em><br><\/p>\n\n\n\n<p class=\"has-text-align-center has-yellow-background-color has-background has-large-font-size\"> Kontaktformular <\/p>\n\n\n\n<p><\/p>\n\n\n\n<form enctype=\"multipart\/form-data\" method=\"post\" id=\"psfb180\" action=\"http:\/\/leadershipcoach.de\/?page_id=136\" class=\"planso-form-builder\" data-id=\"180\" data-cnt=\"1\" id=\"planso_forms_180_1\" data-locale=\"de\" data-locale_long=\"de_DE\" data-datepicker=\"bootstrap-datetimepicker\" data-date_format=\"F j, Y\" data-moment_date_format=\"MMMM D, YYYY\" data-jqueryui_date_format=\"MM d, yy\" data-eternicode_date_format=\"MM d, yyyy\"><div class=\"container-fluid\"><input type=\"hidden\" name=\"psfb_pageurl\" value=\"http:\/\/leadershipcoach.de\/?page_id=136\"\/><input type=\"hidden\" name=\"psfb_userip\" value=\"216.73.216.163\"\/><input type=\"hidden\" name=\"psfb_useragent\" value=\"Mozilla\/5.0 AppleWebKit\/537.36 (KHTML, like Gecko; compatible; ClaudeBot\/1.0; +claudebot@anthropic.com)\"\/><input type=\"hidden\" name=\"psfb_landingpage\" value=\"http:\/\/leadershipcoach.de\/index.php?rest_route=%2Fwp%2Fv2%2Fpages%2F136\"\/><input type=\"hidden\" name=\"psfb_referer\" value=\"Direct\"\/><input type=\"hidden\" name=\"psfb_page_id\" value=\"136\"\/><input type=\"hidden\" name=\"psfb_form_submit\" value=\"1\"\/><input type=\"hidden\" name=\"psfb_form_id\" value=\"180\"\/><input type=\"hidden\" name=\"psfb_form_cnt\" value=\"1\"\/><div style=\"display:none\"><input type=\"text\" name=\"psfb_hon_as\"\/><\/div><div style=\"display:none\"><input type=\"text\" name=\"psfb_hon_as2\" id=\"psfb_hon_as2_180_1\" value=\"9907429b5cafeb7d18133697d235f2ea\"\/><\/div><div style=\"display:none\"><input type=\"text\" name=\"psfb_cnt_check\" value=\"1\"\/><\/div><div class=\"row\"><div class=\"col-md-6\"><div class=\"form-group psfb-single-container\"><label class=\"control-label\" for=\"psfield_180_1\">Vorname<\/label><input type=\"text\" name=\"Vorname\" value=\"\" class=\"form-control \" id=\"psfield_180_1\" style=\"\"\/><\/div><\/div><div class=\"col-md-6\"><div class=\"form-group psfb-single-container\"><label class=\"control-label\" for=\"psfield_180_2\">Name<\/label><input type=\"text\" name=\"Name\" value=\"\" class=\"form-control \" id=\"psfield_180_2\" style=\"\"\/><\/div><\/div><\/div><div class=\"row\"><div class=\"col-md-12\"><div class=\"form-group psfb-single-container\"><label class=\"control-label\" for=\"psfield_180_3\">E-Mail<\/label><input type=\"email\" name=\"E_Mail\" value=\"\" class=\"form-control \" id=\"psfield_180_3\" style=\"\"\/><\/div><\/div><\/div><div class=\"row\"><div class=\"col-md-12\"><div class=\"form-group psfb-single-container\"><label class=\"control-label\" for=\"psfield_180_4\">Mobiltelefon<\/label><input type=\"tel\" name=\"Mobiltelefon\" value=\"\" class=\"form-control \" id=\"psfield_180_4\" style=\"\"\/><\/div><\/div><\/div><div class=\"row\"><div class=\"col-md-12\"><div class=\"form-group psfb-single-container\"><label class=\"control-label\" for=\"psfield_180_5\">Mehrzeiliger Text<\/label><textarea name=\"Mehrzeiliger_Text\" class=\"form-control \" id=\"psfield_180_5\" style=\"\"><\/textarea><\/div><\/div><\/div><div class=\"row\"><div class=\"col-md-12\"><div class=\"form-group psfb-single-container\"><div style=\"position:relative;z-index:1;\"><button type=\"submit\" class=\"btn btn-primary \" id=\"psfield_180_6\" style=\"\">Senden<\/button><\/div><\/div><\/div><\/div><\/div><\/form>\n\n\n\n<p><\/p>\n\n\n\n<p>Alternativ:<\/p>\n\n\n\n<p class=\"has-text-align-right\">Conspectum\u00ae Michael Cappello<br>LeadershipCoach.de<br>Parsifalstra\u00dfe 14a<br>95445 Bayreuth<br>Telefon: +49 921 5074 3502<br>michael.cappello\u00c4Tleadershipcoach.de<\/p>\n","protected":false},"excerpt":{"rendered":"<p>&#8222;Erfolg ist nicht der Schl\u00fcssel zumGl\u00fccklichsein. Gl\u00fccklichsein ist der Schl\u00fcssel zum Erfolg. Wenn Du das was Du tust liebst, wirstDu erfolgreich sein.&#8220;Albert Schweitzer Ich arbeite ausschliesslich nach Terminvereinbarung. Bitte verwenden Sie den Terminplaner oder senden Sie mir alternativ Ihre Anfrage mit einigen Stichpunkten , ich rufe Sie umgehend zur\u00fcck oder sende Ihnen eine E-Mail. Kontaktformular &hellip; <\/p>\n","protected":false},"author":1,"featured_media":0,"parent":0,"menu_order":0,"comment_status":"closed","ping_status":"closed","template":"","meta":{"spay_email":"","footnotes":""},"_links":{"self":[{"href":"http:\/\/leadershipcoach.de\/index.php?rest_route=\/wp\/v2\/pages\/136"}],"collection":[{"href":"http:\/\/leadershipcoach.de\/index.php?rest_route=\/wp\/v2\/pages"}],"about":[{"href":"http:\/\/leadershipcoach.de\/index.php?rest_route=\/wp\/v2\/types\/page"}],"author":[{"embeddable":true,"href":"http:\/\/leadershipcoach.de\/index.php?rest_route=\/wp\/v2\/users\/1"}],"replies":[{"embeddable":true,"href":"http:\/\/leadershipcoach.de\/index.php?rest_route=%2Fwp%2Fv2%2Fcomments&post=136"}],"version-history":[{"count":32,"href":"http:\/\/leadershipcoach.de\/index.php?rest_route=\/wp\/v2\/pages\/136\/revisions"}],"predecessor-version":[{"id":379,"href":"http:\/\/leadershipcoach.de\/index.php?rest_route=\/wp\/v2\/pages\/136\/revisions\/379"}],"wp:attachment":[{"href":"http:\/\/leadershipcoach.de\/index.php?rest_route=%2Fwp%2Fv2%2Fmedia&parent=136"}],"curies":[{"name":"wp","href":"https:\/\/api.w.org\/{rel}","templated":true}]}}